{"id":7,"date":"2020-06-17T06:39:42","date_gmt":"2020-06-17T06:39:42","guid":{"rendered":"https:\/\/www.sofa-org.eu\/2020\/?page_id=7"},"modified":"2020-12-05T08:38:11","modified_gmt":"2020-12-05T08:38:11","slug":"home","status":"publish","type":"page","link":"https:\/\/www.sofa-org.eu\/2020\/","title":{"rendered":"SOFA 2020"},"content":{"rendered":"<p>[vc_row][vc_column][vc_custom_heading text=&#8221;SOFA Conferences 27-29 November 2020 &#8211; Arad (Romania)&#8221; font_container=&#8221;tag:h2|text_align:center&#8221;][vc_custom_heading text=&#8221;Exclusive on-line&#8221; font_container=&#8221;tag:h2|text_align:center|color:%2381d742&#8243; link=&#8221;url:https%3A%2F%2Fwww.sofa-org.eu%2F2020%2Fprogram-schedule-sofa-2020%2F|title:Program%20schedule||&#8221;][vc_single_image image=&#8221;897&#8243; img_size=&#8221;600&#215;400&#8243; alignment=&#8221;center&#8221; onclick=&#8221;custom_link&#8221; img_link_target=&#8221;_blank&#8221; link=&#8221;https:\/\/www.sofa-org.eu\/2020\/program-schedule-sofa-2020\/&#8221;][\/vc_column][\/vc_row][vc_row][vc_column][vc_column_text]<\/p>\n<p style=\"text-align: center;\"><strong>Soft computing (SC) is a collection of methodologies that are trying to cope with the main disadvantage of the conventional (hard) computing: the poor performances when working in uncertain conditions. The fundamental idea of soft computing is to emulate the human like reasoning. The classic constituents of SC are fuzzy logic, neural network theory and probabilistic reasoning, but new methods are continuously emerging: belief networks, genetic algorithms, anytime algorithms, chaos theory, some parts of learning theory, etc.<\/strong><\/p>\n<p>[\/vc_column_text][\/vc_column][\/vc_row][vc_row full_width=&#8221;stretch_row&#8221; css=&#8221;.vc_custom_1599637032437{background-color: #347fe1 !important;}&#8221;][vc_column][vc_column_text]<\/p>\n<p style=\"text-align: center;\"><span style=\"color: #ffffff;\"><em>After 8 successful editions, SOFA continues to gather every two years a significant number of <\/em><em>Soft Computing (SC) researchers and professionals. Organized in Arad (Romania), SOFA 2020 aims to<\/em> <em>communicate and publish new theoretical and applicative research results, in the areas of Fuzzy Logic,<\/em> <em>Neural Networks, Evolutionary Computing, and other methods belonging or connected to SC.<\/em> <em>Furthermore, SOFA encourages innovative reflections on SC and the creation of strong links between<\/em> <em>researchers, R&amp;D engineers, and professional managers.<\/em><\/span><\/p>\n<p>[\/vc_column_text][\/vc_column][\/vc_row][vc_row][vc_column][vc_column_text]<\/p>\n<h4><strong>Novel soft computing methods: <\/strong><\/h4>\n<p>Fuzzy Logic, Neural Networks, Belief Functions,\u00a0 Evidence Theory, Evolutionary Computation, Anytime Algorithms, Hybrid Systems, Probabilistic Reasoning, Possibilistic Reasoning, Clustering Techniques, Feature Selection Methods, Adaptive Modelling, Knowledge Discovery Methods, Novel Learning Algorithms.<\/p>\n<h4><strong>Intelligent control systems:<\/strong><\/h4>\n<p>Model-Predictive Control, Adaptive and Optimal Control, Intelligent Control Systems, Robotics and Automation, Fault Diagnosis, Intelligent Agents &amp; Multiagent Systems, Industrial Automation, Hybrid Control Systems.<\/p>\n<h4><strong>Computational Intelligence for Bioinformatics and Biomedical applications:<\/strong><\/h4>\n<p>Soft Computing Methods for Biological Data Analysis and Knowledge Discovery, Mining the Human Genome, Brain Data Analysis and Modeling, Gene Expression Data Analysis and Disease Profiling, Protein Function Prediction, Adaptive Integrated Systems for Medical and Health Applications.<\/p>\n<h4><strong>Optimization and Prediction:<\/strong><\/h4>\n<p>Multi-criteria Optimization, Signal Processing, Time Series Analysis &amp; Prediction, System Identification, Data Mining &amp; Knowledge Discovery, Intelligent Information Systems, Image Processing, Parallel Computing Applications in Identification &amp; Control, Pattern Recognition, Clustering, Classification, Complex Systems.<\/p>\n<h4><strong>Decision Support Systems:<\/strong><\/h4>\n<p>Intelligent Databases &amp; Information Retrieval, Case-Based Reasoning, Decision Analysis, Dynamic Systems Modeling, Decision Support Systems, Qualitative and Approximate-Reasoning Modeling, Multiple Criteria Decision Aid.<\/p>\n<h4><strong>Intelligent Systems for Signal Processing:<\/strong><\/h4>\n<p>Signal Processing, Speech Recognition, Image Analysis, Video Data Modeling, Diagnostics, Uncertainty-handling, Anytime Algorithms, Sensors, Distributed Measurement, Tool Integration for Better Performance, Virtual Systems, Intelligent Space, Applications<\/p>\n<h4><strong>Smart Vehicular Technology, Transportation, Communication and Applications<\/strong><\/h4>\n<p>Intelligent Transportation Systems and Big Data Applications, Positioning, Navigation, and Satellite Networks, Smart Vehicular Communication Networks, Security, Vehicular Electronics<\/p>\n<p><strong>\u00a0<\/strong>[\/vc_column_text][vc_empty_space][\/vc_column][\/vc_row][vc_row full_width=&#8221;stretch_row&#8221; css=&#8221;.vc_custom_1599637334502{background-color: #347fe1 !important;}&#8221;][vc_column][vc_custom_heading text=&#8221;Hosting Chair&#8221; font_container=&#8221;tag:h2|text_align:center|color:%23ffffff&#8221;][\/vc_column][\/vc_row][vc_row][vc_column width=&#8221;1\/4&#8243;][\/vc_column][vc_column width=&#8221;1\/2&#8243;][vc_custom_heading text=&#8221;Ramona Lile&#8221; font_container=&#8221;tag:h2|text_align:center&#8221;][vc_hoverbox image=&#8221;250&#8243; primary_title=&#8221;&#8221; hover_title=&#8221;Rector of \u201cAurel Vlaicu\u201d University of Arad, Romania&#8221;][\/vc_hoverbox][\/vc_column][vc_column width=&#8221;1\/4&#8243;][\/vc_column][\/vc_row][vc_row][vc_column][vc_empty_space][\/vc_column][\/vc_row][vc_row full_width=&#8221;stretch_row&#8221; css=&#8221;.vc_custom_1599636935270{background-color: #347fe1 !important;}&#8221;][vc_column][vc_custom_heading text=&#8221;Honorary Chairs&#8221; font_container=&#8221;tag:h2|text_align:center|color:%23ffffff&#8221;][\/vc_column][\/vc_row][vc_row][vc_column width=&#8221;1\/3&#8243;][vc_custom_heading text=&#8221;\u2020 Lotfi A. Zadeh (USA)&#8221; font_container=&#8221;tag:h3|text_align:center|color:%23828282&#8243;][vc_hoverbox image=&#8221;121&#8243; primary_title=&#8221;&#8221; hover_title=&#8221;\u2020 Lotfi A. Zadeh (USA)&#8221;][\/vc_hoverbox][\/vc_column][vc_column width=&#8221;1\/3&#8243;][vc_custom_heading text=&#8221;Michio Sugeno (Japan)&#8221; font_container=&#8221;tag:h3|text_align:center|color:%23828282&#8243;][vc_hoverbox image=&#8221;122&#8243; primary_title=&#8221;&#8221; hover_title=&#8221;Michio Sugeno (Japan)&#8221;][\/vc_hoverbox][\/vc_column][vc_column width=&#8221;1\/3&#8243;][vc_custom_heading text=&#8221;Florin Filip (Romania)&#8221; font_container=&#8221;tag:h3|text_align:center|color:%23828282&#8243;][vc_hoverbox image=&#8221;124&#8243; primary_title=&#8221;&#8221; hover_title=&#8221;Florin Filip (Romania)&#8221;][\/vc_hoverbox][\/vc_column][\/vc_row][vc_row][vc_column][vc_empty_space][\/vc_column][\/vc_row][vc_row full_width=&#8221;stretch_row&#8221; css=&#8221;.vc_custom_1599636926854{background-color: #347fe1 !important;}&#8221;][vc_column][vc_custom_heading text=&#8221;General Co-Chairs&#8221; font_container=&#8221;tag:h2|text_align:center|color:%23ffffff&#8221;][\/vc_column][\/vc_row][vc_row][vc_column width=&#8221;1\/5&#8243;][\/vc_column][vc_column width=&#8221;1\/5&#8243;][vc_custom_heading text=&#8221;Valentina E. Balas (Romania)&#8221; font_container=&#8221;tag:h2|text_align:center&#8221;][vc_hoverbox image=&#8221;130&#8243; primary_title=&#8221;&#8221; hover_title=&#8221;Valentina E. Balas (Romania)&#8221;][\/vc_hoverbox][\/vc_column][vc_column width=&#8221;1\/5&#8243;][vc_custom_heading text=&#8221;Lakhmi C. Jain (Australia)&#8221; font_container=&#8221;tag:h2|text_align:center&#8221;][vc_hoverbox image=&#8221;131&#8243; primary_title=&#8221;&#8221; hover_title=&#8221;Lakhmi C. Jain (Australia)&#8221;][\/vc_hoverbox][\/vc_column][vc_column width=&#8221;1\/5&#8243;][vc_custom_heading text=&#8221;Prof. Dumitru Baleanu (Turkey)&#8221; font_container=&#8221;tag:h2|text_align:center&#8221; link=&#8221;url:https%3A%2F%2Fwww.sofa-org.eu%2F2020%2Fdumitru-baleanu%2F|title:Dumitru%20Baleanu||&#8221;][vc_hoverbox image=&#8221;189&#8243; primary_title=&#8221;&#8221; hover_title=&#8221;Prof. Dumitru Baleanu (Turkey)&#8221;][\/vc_hoverbox][\/vc_column][vc_column width=&#8221;1\/5&#8243;][\/vc_column][\/vc_row][vc_row][vc_column][vc_empty_space][\/vc_column][\/vc_row][vc_row full_width=&#8221;stretch_row&#8221; css=&#8221;.vc_custom_1599636926854{background-color: #347fe1 !important;}&#8221;][vc_column][vc_custom_heading text=&#8221;Founding Co-Chairs&#8221; font_container=&#8221;tag:h2|text_align:center|color:%23ffffff&#8221;][\/vc_column][\/vc_row][vc_row][vc_column width=&#8221;1\/5&#8243;][\/vc_column][vc_column width=&#8221;1\/5&#8243;][vc_custom_heading text=&#8221;Valentina E. Balas (Romania)&#8221; font_container=&#8221;tag:h4|text_align:center&#8221;][vc_hoverbox image=&#8221;130&#8243; primary_title=&#8221;&#8221; hover_title=&#8221;Valentina E. Balas (Romania)&#8221;][\/vc_hoverbox][\/vc_column][vc_column width=&#8221;1\/5&#8243;][vc_custom_heading text=&#8221;Annamaria R. Varkonyi-Koczy&#8221; font_container=&#8221;tag:h4|text_align:center&#8221;][vc_hoverbox image=&#8221;252&#8243; primary_title=&#8221;&#8221; hover_title=&#8221;Annamaria R. Varkonyi-Koczy (Hungary)&#8221;][\/vc_hoverbox][\/vc_column][vc_column width=&#8221;1\/5&#8243;][vc_custom_heading text=&#8221;\u2020 Prof. Janos Fodor (Hungary)&#8221; font_container=&#8221;tag:h4|text_align:center&#8221; link=&#8221;url:https%3A%2F%2Fwww.sofa-org.eu%2F2020%2Fdumitru-baleanu%2F|title:Dumitru%20Baleanu||&#8221;][vc_hoverbox image=&#8221;253&#8243; primary_title=&#8221;&#8221; hover_title=&#8221;\u2020 Prof. Janos Fodor (Hungary)&#8221;][\/vc_hoverbox][\/vc_column][vc_column width=&#8221;1\/5&#8243;][\/vc_column][\/vc_row][vc_row][vc_column][vc_empty_space][\/vc_column][\/vc_row][vc_row full_width=&#8221;stretch_row&#8221; css=&#8221;.vc_custom_1599636926854{background-color: #347fe1 !important;}&#8221;][vc_column width=&#8221;1\/4&#8243;][\/vc_column][vc_column width=&#8221;1\/4&#8243;][vc_custom_heading text=&#8221;Program Chair&#8221; font_container=&#8221;tag:h2|text_align:center|color:%23ffffff&#8221;][\/vc_column][vc_column width=&#8221;1\/4&#8243;][vc_custom_heading text=&#8221;Publication Chair&#8221; font_container=&#8221;tag:h2|text_align:center|color:%23ffffff&#8221;][\/vc_column][vc_column width=&#8221;1\/4&#8243;][\/vc_column][\/vc_row][vc_row][vc_column width=&#8221;1\/4&#8243;][\/vc_column][vc_column width=&#8221;1\/4&#8243;][vc_custom_heading text=&#8221;Octavian Prostean (Romania)&#8221; font_container=&#8221;tag:h4|text_align:center&#8221;][vc_hoverbox image=&#8221;241&#8243; primary_title=&#8221;&#8221; hover_title=&#8221;Octavian Prostean (Romania)&#8221;][\/vc_hoverbox][\/vc_column][vc_column width=&#8221;1\/4&#8243;][vc_custom_heading text=&#8221;Marius M. Balas (Romania)&#8221; font_container=&#8221;tag:h4|text_align:center&#8221;][vc_hoverbox image=&#8221;237&#8243; primary_title=&#8221;&#8221; hover_title=&#8221;Marius M. Balas (Romania)&#8221;][\/vc_hoverbox][\/vc_column][vc_column width=&#8221;1\/4&#8243;][\/vc_column][\/vc_row][vc_row][vc_column][vc_empty_space][\/vc_column][\/vc_row][vc_row full_width=&#8221;stretch_row&#8221; css=&#8221;.vc_custom_1599637078068{background-color: #347fe1 !important;}&#8221;][vc_column width=&#8221;1\/3&#8243;][vc_text_separator title=&#8221;Honorary Committee&#8221;][vc_column_text]<\/p>\n<ul>\n<li style=\"text-align: center;\"><span style=\"color: #ffffff;\">\u00a0Imre J. Rudas (Hungary)<\/span><\/li>\n<\/ul>\n<p style=\"text-align: center;\"><span style=\"color: #000000;\"><img loading=\"lazy\" decoding=\"async\" class=\"size-full wp-image-156 alignnone\" src=\"https:\/\/www.sofa-org.eu\/2020\/wp-content\/uploads\/2020\/09\/Imre.Rudas_.jpg\" alt=\"\" width=\"130\" height=\"152\" \/><\/span><\/p>\n<ul style=\"text-align: center;\">\n<li><span style=\"color: #ffffff;\">\u00a0Emil M. Petriu (Canada)<\/span><\/li>\n<\/ul>\n<p><img loading=\"lazy\" decoding=\"async\" class=\"alignnone size-full wp-image-157 aligncenter\" src=\"https:\/\/www.sofa-org.eu\/2020\/wp-content\/uploads\/2020\/09\/petriu-emil.jpg\" alt=\"\" width=\"130\" height=\"151\" \/>[\/vc_column_text][\/vc_column][vc_column width=&#8221;1\/3&#8243;][vc_text_separator title=&#8221;Steering Committee&#8221;][vc_column_text]<\/p>\n<ul>\n<li><span style=\"color: #ffffff;\">Anca Ralescu (USA)<\/span><\/li>\n<li><span style=\"color: #ffffff;\">Antonio Ruano (Portugal)<\/span><\/li>\n<li><span style=\"color: #ffffff;\">Cenap Ozel (Turkey)<\/span><\/li>\n<li><span style=\"color: #ffffff;\">Dana Rad (Romania)<br \/>\n<\/span><\/li>\n<li><span style=\"color: #ffffff;\">Dumitru Baleanu (Turkey)<\/span><\/li>\n<li><span style=\"color: #ffffff;\">Fuqian Shi (USA)<\/span><\/li>\n<li><span style=\"color: #ffffff;\">Guojun Wang (China)<\/span><\/li>\n<li><span style=\"color: #ffffff;\">Mohammad Pourmahmood Aghababa (Canada)<\/span><\/li>\n<li><span style=\"color: #ffffff;\">Muhammad Imran Tariq (Pakistan)<\/span><\/li>\n<li><span style=\"color: #ffffff;\">Nicolae Paraschiv (Romania)<\/span><\/li>\n<li><span style=\"color: #ffffff;\">Rajeeb Dey (India)<\/span><\/li>\n<li><span style=\"color: #ffffff;\">Seshadhri Srinivasan (India)<\/span><\/li>\n<li><span style=\"color: #ffffff;\">Shahnaz Shahbazova (Azerbaijan)<\/span><\/li>\n<li><span style=\"color: #ffffff;\">Tsung-Chih Lin (Taiwan)<\/span><\/li>\n<li><span style=\"color: #ffffff;\">Umar Farooq (Pakistan)<\/span><\/li>\n<li><span style=\"color: #ffffff;\">Valeriu Beiu (Romania)<\/span><\/li>\n<li><span style=\"color: #ffffff;\">Voicu Groza (Canada)<\/span><\/li>\n<\/ul>\n<p>[\/vc_column_text][\/vc_column][vc_column width=&#8221;1\/3&#8243;][vc_text_separator title=&#8221;Local Organizing Comittee&#8221;][vc_column_text]<\/p>\n<ul>\n<li class=\"m_-1946088789737439584MsoListParagraph\"><span style=\"color: #ffffff;\">Cornel Barna (Romania)<u><\/u><u><\/u><\/span><\/li>\n<li class=\"m_-1946088789737439584MsoListParagraph\"><span style=\"color: #ffffff;\">Corina Mnerie (Romania)<u><\/u><u><\/u><\/span><\/li>\n<li class=\"m_-1946088789737439584MsoListParagraph\"><span style=\"color: #ffffff;\">Mihaela Popa (Romania)<u><\/u><u><\/u><\/span><\/li>\n<li class=\"m_-1946088789737439584MsoListParagraph\"><span style=\"color: #ffffff;\">Anca Dicu (Romania)<u><\/u><u><\/u><\/span><\/li>\n<li class=\"m_-1946088789737439584MsoListParagraph\"><span style=\"color: #ffffff;\">Noemi Rohatinovici (Romania)<\/span><\/li>\n<li class=\"m_-1946088789737439584MsoListParagraph\"><span style=\"color: #ffffff;\">Alexuta Daniel (Romania)<\/span><\/li>\n<\/ul>\n<p>[\/vc_column_text][\/vc_column][\/vc_row][vc_row full_width=&#8221;stretch_row&#8221; css=&#8221;.vc_custom_1601725138161{background-color: #000000 !important;}&#8221;][vc_column][vc_custom_heading text=&#8221;Parteners&#8221; font_container=&#8221;tag:h2|text_align:center|color:%23ffffff&#8221;][\/vc_column][\/vc_row][vc_row][vc_column width=&#8221;1\/6&#8243;][vc_single_image image=&#8221;294&#8243; alignment=&#8221;center&#8221; onclick=&#8221;custom_link&#8221; img_link_target=&#8221;_blank&#8221; link=&#8221;https:\/\/www.uav.ro&#8221;][vc_column_text]<\/p>\n<p style=\"text-align: center;\">&#8220;Aurel Vlaicu&#8221; University of Arad<\/p>\n<p>[\/vc_column_text][\/vc_column][vc_column width=&#8221;1\/6&#8243;][vc_single_image image=&#8221;360&#8243; img_size=&#8221;&#8221; alignment=&#8221;center&#8221;][vc_column_text]University of Rwanda[\/vc_column_text][\/vc_column][vc_column width=&#8221;1\/6&#8243;][vc_single_image image=&#8221;704&#8243;][vc_column_text]<\/p>\n<p style=\"text-align: center;\">Lovely Professional University<\/p>\n<p>[\/vc_column_text][\/vc_column][vc_column width=&#8221;1\/6&#8243;][vc_single_image image=&#8221;358&#8243; alignment=&#8221;center&#8221;][vc_column_text]<\/p>\n<p class=\"LC20lb DKV0Md\" style=\"text-align: center;\">African Center of Excellence in Internet of Things<\/p>\n<p>[\/vc_column_text][\/vc_column][vc_column width=&#8221;1\/6&#8243;][vc_single_image image=&#8221;470&#8243; alignment=&#8221;center&#8221;][vc_column_text]<\/p>\n<p style=\"text-align: center;\">Institutul de Informatic\u0103 Teoretic\u0103 al Academiei Rom\u00e2ne, Iasi<\/p>\n<p>[\/vc_column_text][\/vc_column][vc_column width=&#8221;1\/6&#8243;][vc_single_image image=&#8221;299&#8243; alignment=&#8221;center&#8221;][vc_column_text]<\/p>\n<p style=\"text-align: center;\">\u00a0(AGIR) &#8211; Arad Section<\/p>\n<p>[\/vc_column_text][\/vc_column][\/vc_row][vc_row][vc_column width=&#8221;1\/6&#8243;][vc_single_image image=&#8221;706&#8243;][vc_column_text]<\/p>\n<p style=\"text-align: center;\">Societatea Rom\u00e2n\u0103 de Automatic\u0103 \u0219i Informatic\u0103 Tehnic\u0103, filiala ARAD<\/p>\n<p>[\/vc_column_text][\/vc_column][vc_column width=&#8221;1\/6&#8243;][vc_single_image image=&#8221;391&#8243; alignment=&#8221;center&#8221; onclick=&#8221;custom_link&#8221; img_link_target=&#8221;_blank&#8221; link=&#8221;https:\/\/www.aptiv.com&#8221;][vc_column_text]<\/p>\n<p style=\"text-align: center;\">APTIV<\/p>\n<p>[\/vc_column_text][\/vc_column][vc_column width=&#8221;1\/6&#8243;][vc_single_image image=&#8221;551&#8243; img_size=&#8221;full&#8221; alignment=&#8221;center&#8221;][vc_column_text]<\/p>\n<p style=\"text-align: center;\">IEEE CIS Chapter , Romania<\/p>\n<p>[\/vc_column_text][\/vc_column][vc_column width=&#8221;1\/6&#8243;][vc_single_image image=&#8221;423&#8243; img_size=&#8221;450&#215;400&#8243; alignment=&#8221;center&#8221; onclick=&#8221;custom_link&#8221; link=&#8221;https:\/\/romania.ieeer8.org\/&#8221;][vc_column_text]<\/p>\n<p style=\"text-align: center;\">IEEE Romania Section<\/p>\n<p>[\/vc_column_text][\/vc_column][vc_column width=&#8221;1\/6&#8243;][vc_single_image image=&#8221;296&#8243; alignment=&#8221;center&#8221;][vc_column_text]<\/p>\n<p style=\"text-align: center;\">BTM Resources<\/p>\n<p>[\/vc_column_text][\/vc_column][vc_column width=&#8221;1\/6&#8243;][vc_single_image image=&#8221;867&#8243; img_size=&#8221;250&#215;250&#8243; onclick=&#8221;custom_link&#8221; img_link_target=&#8221;_blank&#8221; link=&#8221;https:\/\/www.xhouse.ro&#8221;][vc_column_text]<\/p>\n<p style=\"text-align: center;\">X-HOUSE<\/p>\n<p>[\/vc_column_text][\/vc_column][\/vc_row]<\/p>\n","protected":false},"excerpt":{"rendered":"<p>[vc_row][vc_column][vc_custom_heading text=&#8221;SOFA Conferences 27-29 November 2020 &#8211; Arad (Romania)&#8221; font_container=&#8221;tag:h2|text_align:center&#8221;][vc_custom_heading text=&#8221;Exclusive on-line&#8221; font_container=&#8221;tag:h2|text_align:center|color:%2381d742&#8243; link=&#8221;url:https%3A%2F%2Fwww.sofa-org.eu%2F2020%2Fprogram-schedule-sofa-2020%2F|title:Program%20schedule||&#8221;][vc_single_image image=&#8221;897&#8243; img_size=&#8221;600&#215;400&#8243; alignment=&#8221;center&#8221; onclick=&#8221;custom_link&#8221; img_link_target=&#8221;_blank&#8221; link=&#8221;https:\/\/www.sofa-org.eu\/2020\/program-schedule-sofa-2020\/&#8221;][\/vc_column][\/vc_row][vc_row][vc_column][vc_column_text] Soft computing (SC) is a collection of methodologies that are trying to cope with the main disadvantage of the conventional (hard) computing: the poor performances when working in uncertain conditions.&hellip;<\/p>\n","protected":false},"author":1,"featured_media":58,"parent":0,"menu_order":0,"comment_status":"closed","ping_status":"closed","template":"","meta":{"footnotes":""},"class_list":["post-7","page","type-page","status-publish","has-post-thumbnail","hentry"],"_links":{"self":[{"href":"https:\/\/www.sofa-org.eu\/2020\/wp-json\/wp\/v2\/pages\/7","targetHints":{"allow":["GET"]}}],"collection":[{"href":"https:\/\/www.sofa-org.eu\/2020\/wp-json\/wp\/v2\/pages"}],"about":[{"href":"https:\/\/www.sofa-org.eu\/2020\/wp-json\/wp\/v2\/types\/page"}],"author":[{"embeddable":true,"href":"https:\/\/www.sofa-org.eu\/2020\/wp-json\/wp\/v2\/users\/1"}],"replies":[{"embeddable":true,"href":"https:\/\/www.sofa-org.eu\/2020\/wp-json\/wp\/v2\/comments?post=7"}],"version-history":[{"count":113,"href":"https:\/\/www.sofa-org.eu\/2020\/wp-json\/wp\/v2\/pages\/7\/revisions"}],"predecessor-version":[{"id":926,"href":"https:\/\/www.sofa-org.eu\/2020\/wp-json\/wp\/v2\/pages\/7\/revisions\/926"}],"wp:featuredmedia":[{"embeddable":true,"href":"https:\/\/www.sofa-org.eu\/2020\/wp-json\/wp\/v2\/media\/58"}],"wp:attachment":[{"href":"https:\/\/www.sofa-org.eu\/2020\/wp-json\/wp\/v2\/media?parent=7"}],"curies":[{"name":"wp","href":"https:\/\/api.w.org\/{rel}","templated":true}]}}